{"id":261,"date":"2023-02-24T17:24:31","date_gmt":"2023-02-24T16:24:31","guid":{"rendered":"https:\/\/www.4speedypaws.cz\/?page_id=261"},"modified":"2023-02-24T18:31:10","modified_gmt":"2023-02-24T17:31:10","slug":"cookies-en","status":"publish","type":"page","link":"https:\/\/www.4speedypaws.cz\/?page_id=261&lang=en","title":{"rendered":"Cookies"},"content":{"rendered":"\n<h2>COOKIES POLICY<\/h2>\n\n\n\n<p>When you visit and use the Website (as defined in the\u00a0<a href=\"https:\/\/www.4speedypaws.cz\/?page_id=264&amp;lang=en\">Data Processing Policy<\/a>), cookies or other technologies such as pixels will be activated on your device (jointly referred to as \u201c<strong>Cookies<\/strong>\u201d). Cookies are small files designed to store and receive identifiers and other information about computers, telephones and other devices you use to access the Website, that help us provide, protect and improve the services we offer.<\/p>\n\n\n\n<p>Cookies enable us to offer you the content and services most suitable to your needs and interests. Cookies enable us to record information regarding your visit to the Website and will thus make your next visit easier and quicker.<\/p>\n\n\n\n<h2><strong>WHAT&nbsp;<\/strong><strong>COOKIES DO WE USE<\/strong><strong>?<\/strong><\/h2>\n\n\n\n<p>4SPEEDYPAWS\u00a0use functional, basic analytics and marketing cookies on the Website.<\/p>\n\n\n\n<h2><strong>FUNCTIONAL COOKIES<\/strong><\/h2>\n\n\n\n<p>When you visit and use the Website for information purposes only, i.e. if you do not register or do not give us your permission, we only collect personal data received by our server from your Internet browser. We need these cookies to display the Website and ensure it can be used in a stable and secure way.<\/p>\n\n\n\n<h2><strong>BASIC ANALYTICS COOKIES<\/strong><\/h2>\n\n\n\n<p>These cookies are used to enhance the functioning of the Website. They enable us to recognise and to count the number of visitors and see how visitors are using the Website. They help us improve the way the Website is functioning, e.g. by enabling users to easily find what they are looking for. These cookies do not collect information that could identify you.<\/p>\n\n\n\n<p>Using these tools, we analyse and regularly enhance the functionality of the Website. We can use the received statistics to improve user comfort and to make your visit to the Website more interesting.&nbsp;<\/p>\n\n\n\n<h2><strong>MARKETING COOKIES<\/strong><\/h2>\n\n\n\n<p>These are used to track Website user preferences to target advertising, i.e. to display relevant marketing and advertising information (also on third party websites) matching these preferences.<\/p>\n\n\n\n<p>Marketing cookies use external company tools. These marketing cookies will only be used with your consent.<\/p>\n\n\n\n<p>We use the following marketing tools on our Website:<\/p>\n\n\n\n<ul>\n<li>Google Analytics advertising features beyond the basic analytical features (for more details, click&nbsp;<a href=\"https:\/\/support.google.com\/analytics\/answer\/6004245?hl=en\">HE<\/a><a href=\"https:\/\/support.google.com\/analytics\/answer\/6004245?hl=en\">RE<\/a>);<\/li>\n\n\n\n<li>Marketing services provided by Facebook that enable an advertisement to be displayed to Website users visiting Facebook or other websites that also use these tools (for more details, click\u00a0<a href=\"https:\/\/cs-cz.facebook.com\/privacy\/explanation\">HERE<\/a>);<\/li>\n\n\n\n<li>Marketing tools by Seznam.cz, a.s., that can implement advertising displayed in search engines and in the display and partner network of Seznam.cz (for more details, click\u00a0<a href=\"https:\/\/napoveda.sklik.cz\/pravidla\/smluvni-podminky-pro-inzerenty\/#zpracovani-osobnich-udaju\">HERE<\/a>);<\/li>\n\n\n\n<li>Analytical tools MonsterInsights used for monitoring and analysis of Website user visiting (further details available\u00a0<a href=\"https:\/\/www.monsterinsights.com\/privacy-policy\/\">HERE<\/a>).<\/li>\n<\/ul>\n\n\n\n<h2><strong>HOW TO SET COOKIES?<\/strong><\/h2>\n\n\n\n<p>You can set cookies via our cookie bar. You can change your settings at any time via a permanent link placed on the Website. However, if you do not allow us to use basic cookies, some features of the Website may not function as they should.<\/p>\n\n\n\n<p>You can also refuse cookies in general or to enable only some types of cookies (depending on your browser type) via your internet browser. You can find the cookie settings for the most commonly used browsers via the following links:<\/p>\n\n\n\n<ul>\n<li><a href=\"https:\/\/support.google.com\/accounts\/answer\/61416?hl=cs\">Chrome<\/a><\/li>\n\n\n\n<li><a href=\"https:\/\/support.mozilla.org\/cs\/kb\/vymazani-cookies\">Firefox<\/a><\/li>\n\n\n\n<li><a href=\"https:\/\/support.microsoft.com\/cs-cz\/products\/security\">Internet Explorer<\/a><\/li>\n\n\n\n<li><a href=\"https:\/\/help.opera.com\/cs\/latest\/security-and-privacy\/\">Opera<\/a><\/li>\n\n\n\n<li><a href=\"https:\/\/docs.microsoft.com\/cs-cz\/mem\/configmgr\/compliance\/deploy-use\/browser-profiles\">Microsoft Edge<\/a><\/li>\n<\/ul>\n\n\n\n<h2><strong>LINK TO SOCIAL MEDIA<\/strong><\/h2>\n\n\n\n<p>The links to social media are placed on the Website namely to enable interaction with the media, thus making the Website more attractive for you as a user. You will be redirected to a social media site only if you click on the relevant link. In that case your Internet browser will start connecting you to the corresponding social media servers.<\/p>\n\n\n\n<p>_______________________________________<\/p>\n\n\n\n<p>We can change our use of cookies depending on available technologies and with a&nbsp;view to improving user comfort and access to information; if you are interested, you can re-read this notice from time to time as it may be updated.<\/p>\n\n\n\n<p>For more information regarding the processing of personal data by 4SPEEDYPAWS, read our <a href=\"https:\/\/www.4speedypaws.cz\/?page_id=264&amp;lang=en\">Data Processing Policy<\/a>.<\/p>\n","protected":false},"excerpt":{"rendered":"<p>COOKIES POLICY When you visit and use the Website (as defined in the\u00a0Data Processing Policy), cookies or other technologies such as pixels will be activated on your device (jointly referred to as \u201cCookies\u201d). Cookies are small files designed to store and receive identifiers and other information about computers, telephones and other devices you use to &hellip;<\/p>\n<p class=\"read-more\"> <a class=\"\" href=\"https:\/\/www.4speedypaws.cz\/?page_id=261&#038;lang=en\"> <span class=\"screen-reader-text\">Cookies<\/span> Pokra\u010dovat ve \u010dten\u00ed &raquo;<\/a><\/p>\n","protected":false},"author":1,"featured_media":0,"parent":0,"menu_order":0,"comment_status":"closed","ping_status":"closed","template":"","meta":{"_mi_skip_tracking":false,"site-sidebar-layout":"default","site-content-layout":"default","ast-global-header-display":"","ast-main-header-display":"","ast-hfb-above-header-display":"","ast-hfb-below-header-display":"","ast-hfb-mobile-header-display":"","site-post-title":"disabled","ast-breadcrumbs-content":"","ast-featured-img":"","footer-sml-layout":"","theme-transparent-header-meta":"","adv-header-id-meta":"","stick-header-meta":"","header-above-stick-meta":"","header-main-stick-meta":"","header-below-stick-meta":""},"yoast_head":"<!-- This site is optimized with the Yoast SEO plugin v20.1 - https:\/\/yoast.com\/wordpress\/plugins\/seo\/ -->\n<title>Cookies - 4 SPEEDY PAWS<\/title>\n<meta name=\"robots\" content=\"index, follow, max-snippet:-1, max-image-preview:large, max-video-preview:-1\" \/>\n<link rel=\"canonical\" href=\"https:\/\/www.4speedypaws.cz\/?page_id=261&lang=en\" \/>\n<meta property=\"og:locale\" content=\"cs_CZ\" \/>\n<meta property=\"og:type\" content=\"article\" \/>\n<meta property=\"og:title\" content=\"Cookies - 4 SPEEDY PAWS\" \/>\n<meta property=\"og:description\" content=\"COOKIES POLICY When you visit and use the Website (as defined in the\u00a0Data Processing Policy), cookies or other technologies such as pixels will be activated on your device (jointly referred to as \u201cCookies\u201d). Cookies are small files designed to store and receive identifiers and other information about computers, telephones and other devices you use to &hellip; Cookies Pokra\u010dovat ve \u010dten\u00ed &raquo;\" \/>\n<meta property=\"og:url\" content=\"https:\/\/www.4speedypaws.cz\/?page_id=261&amp;lang=en\" \/>\n<meta property=\"og:site_name\" content=\"4 SPEEDY PAWS\" \/>\n<meta property=\"article:modified_time\" content=\"2023-02-24T17:31:10+00:00\" \/>\n<meta name=\"twitter:card\" content=\"summary_large_image\" \/>\n<meta name=\"twitter:label1\" content=\"Odhadovan\u00e1 doba \u010dten\u00ed\" \/>\n\t<meta name=\"twitter:data1\" content=\"4 minuty\" \/>\n<script type=\"application\/ld+json\" class=\"yoast-schema-graph\">{\"@context\":\"https:\/\/schema.org\",\"@graph\":[{\"@type\":\"WebPage\",\"@id\":\"https:\/\/www.4speedypaws.cz\/?page_id=261&lang=en\",\"url\":\"https:\/\/www.4speedypaws.cz\/?page_id=261&lang=en\",\"name\":\"Cookies - 4 SPEEDY PAWS\",\"isPartOf\":{\"@id\":\"https:\/\/www.4speedypaws.cz\/#website\"},\"datePublished\":\"2023-02-24T16:24:31+00:00\",\"dateModified\":\"2023-02-24T17:31:10+00:00\",\"breadcrumb\":{\"@id\":\"https:\/\/www.4speedypaws.cz\/?page_id=261&lang=en#breadcrumb\"},\"inLanguage\":\"cs\",\"potentialAction\":[{\"@type\":\"ReadAction\",\"target\":[\"https:\/\/www.4speedypaws.cz\/?page_id=261&lang=en\"]}]},{\"@type\":\"BreadcrumbList\",\"@id\":\"https:\/\/www.4speedypaws.cz\/?page_id=261&lang=en#breadcrumb\",\"itemListElement\":[{\"@type\":\"ListItem\",\"position\":1,\"name\":\"Home\",\"item\":\"https:\/\/www.4speedypaws.cz\/\"},{\"@type\":\"ListItem\",\"position\":2,\"name\":\"Cookies\"}]},{\"@type\":\"WebSite\",\"@id\":\"https:\/\/www.4speedypaws.cz\/#website\",\"url\":\"https:\/\/www.4speedypaws.cz\/\",\"name\":\"4 SPEEDY PAWS\",\"description\":\"\",\"publisher\":{\"@id\":\"https:\/\/www.4speedypaws.cz\/#organization\"},\"potentialAction\":[{\"@type\":\"SearchAction\",\"target\":{\"@type\":\"EntryPoint\",\"urlTemplate\":\"https:\/\/www.4speedypaws.cz\/?s={search_term_string}\"},\"query-input\":\"required name=search_term_string\"}],\"inLanguage\":\"cs\"},{\"@type\":\"Organization\",\"@id\":\"https:\/\/www.4speedypaws.cz\/#organization\",\"name\":\"4 SPEEDY PAWS\",\"url\":\"https:\/\/www.4speedypaws.cz\/\",\"logo\":{\"@type\":\"ImageObject\",\"inLanguage\":\"cs\",\"@id\":\"https:\/\/www.4speedypaws.cz\/#\/schema\/logo\/image\/\",\"url\":\"https:\/\/www.4speedypaws.cz\/wp-content\/uploads\/2023\/01\/LOGOwhite.png\",\"contentUrl\":\"https:\/\/www.4speedypaws.cz\/wp-content\/uploads\/2023\/01\/LOGOwhite.png\",\"width\":5451,\"height\":509,\"caption\":\"4 SPEEDY PAWS\"},\"image\":{\"@id\":\"https:\/\/www.4speedypaws.cz\/#\/schema\/logo\/image\/\"}}]}<\/script>\n<!-- \/ Yoast SEO plugin. -->","yoast_head_json":{"title":"Cookies - 4 SPEEDY PAWS","robots":{"index":"index","follow":"follow","max-snippet":"max-snippet:-1","max-image-preview":"max-image-preview:large","max-video-preview":"max-video-preview:-1"},"canonical":"https:\/\/www.4speedypaws.cz\/?page_id=261&lang=en","og_locale":"cs_CZ","og_type":"article","og_title":"Cookies - 4 SPEEDY PAWS","og_description":"COOKIES POLICY When you visit and use the Website (as defined in the\u00a0Data Processing Policy), cookies or other technologies such as pixels will be activated on your device (jointly referred to as \u201cCookies\u201d). Cookies are small files designed to store and receive identifiers and other information about computers, telephones and other devices you use to &hellip; Cookies Pokra\u010dovat ve \u010dten\u00ed &raquo;","og_url":"https:\/\/www.4speedypaws.cz\/?page_id=261&lang=en","og_site_name":"4 SPEEDY PAWS","article_modified_time":"2023-02-24T17:31:10+00:00","twitter_card":"summary_large_image","twitter_misc":{"Odhadovan\u00e1 doba \u010dten\u00ed":"4 minuty"},"schema":{"@context":"https:\/\/schema.org","@graph":[{"@type":"WebPage","@id":"https:\/\/www.4speedypaws.cz\/?page_id=261&lang=en","url":"https:\/\/www.4speedypaws.cz\/?page_id=261&lang=en","name":"Cookies - 4 SPEEDY PAWS","isPartOf":{"@id":"https:\/\/www.4speedypaws.cz\/#website"},"datePublished":"2023-02-24T16:24:31+00:00","dateModified":"2023-02-24T17:31:10+00:00","breadcrumb":{"@id":"https:\/\/www.4speedypaws.cz\/?page_id=261&lang=en#breadcrumb"},"inLanguage":"cs","potentialAction":[{"@type":"ReadAction","target":["https:\/\/www.4speedypaws.cz\/?page_id=261&lang=en"]}]},{"@type":"BreadcrumbList","@id":"https:\/\/www.4speedypaws.cz\/?page_id=261&lang=en#breadcrumb","itemListElement":[{"@type":"ListItem","position":1,"name":"Home","item":"https:\/\/www.4speedypaws.cz\/"},{"@type":"ListItem","position":2,"name":"Cookies"}]},{"@type":"WebSite","@id":"https:\/\/www.4speedypaws.cz\/#website","url":"https:\/\/www.4speedypaws.cz\/","name":"4 SPEEDY PAWS","description":"","publisher":{"@id":"https:\/\/www.4speedypaws.cz\/#organization"},"potentialAction":[{"@type":"SearchAction","target":{"@type":"EntryPoint","urlTemplate":"https:\/\/www.4speedypaws.cz\/?s={search_term_string}"},"query-input":"required name=search_term_string"}],"inLanguage":"cs"},{"@type":"Organization","@id":"https:\/\/www.4speedypaws.cz\/#organization","name":"4 SPEEDY PAWS","url":"https:\/\/www.4speedypaws.cz\/","logo":{"@type":"ImageObject","inLanguage":"cs","@id":"https:\/\/www.4speedypaws.cz\/#\/schema\/logo\/image\/","url":"https:\/\/www.4speedypaws.cz\/wp-content\/uploads\/2023\/01\/LOGOwhite.png","contentUrl":"https:\/\/www.4speedypaws.cz\/wp-content\/uploads\/2023\/01\/LOGOwhite.png","width":5451,"height":509,"caption":"4 SPEEDY PAWS"},"image":{"@id":"https:\/\/www.4speedypaws.cz\/#\/schema\/logo\/image\/"}}]}},"_links":{"self":[{"href":"https:\/\/www.4speedypaws.cz\/index.php?rest_route=\/wp\/v2\/pages\/261"}],"collection":[{"href":"https:\/\/www.4speedypaws.cz\/index.php?rest_route=\/wp\/v2\/pages"}],"about":[{"href":"https:\/\/www.4speedypaws.cz\/index.php?rest_route=\/wp\/v2\/types\/page"}],"author":[{"embeddable":true,"href":"https:\/\/www.4speedypaws.cz\/index.php?rest_route=\/wp\/v2\/users\/1"}],"replies":[{"embeddable":true,"href":"https:\/\/www.4speedypaws.cz\/index.php?rest_route=%2Fwp%2Fv2%2Fcomments&post=261"}],"version-history":[{"count":5,"href":"https:\/\/www.4speedypaws.cz\/index.php?rest_route=\/wp\/v2\/pages\/261\/revisions"}],"predecessor-version":[{"id":274,"href":"https:\/\/www.4speedypaws.cz\/index.php?rest_route=\/wp\/v2\/pages\/261\/revisions\/274"}],"wp:attachment":[{"href":"https:\/\/www.4speedypaws.cz\/index.php?rest_route=%2Fwp%2Fv2%2Fmedia&parent=261"}],"curies":[{"name":"wp","href":"https:\/\/api.w.org\/{rel}","templated":true}]}}