{"id":31,"date":"2023-01-23T19:34:13","date_gmt":"2023-01-23T18:34:13","guid":{"rendered":"https:\/\/www.4speedypaws.cz\/?page_id=31"},"modified":"2023-02-24T19:24:21","modified_gmt":"2023-02-24T18:24:21","slug":"kontakt","status":"publish","type":"page","link":"https:\/\/www.4speedypaws.cz\/?page_id=31","title":{"rendered":"KONTAKTY"},"content":{"rendered":"\n<div class=\"is-layout-flex wp-container-4 wp-block-columns\">\n<div class=\"is-layout-flow wp-block-column\">\n<figure class=\"wp-block-image size-large\"><img decoding=\"async\" loading=\"lazy\" width=\"1024\" height=\"770\" src=\"https:\/\/www.4speedypaws.cz\/wp-content\/uploads\/2023\/01\/326823091_756972656006865_3724499245712837646_n-1024x770.jpeg\" alt=\"\" class=\"wp-image-65\" srcset=\"https:\/\/www.4speedypaws.cz\/wp-content\/uploads\/2023\/01\/326823091_756972656006865_3724499245712837646_n-1024x770.jpeg 1024w, https:\/\/www.4speedypaws.cz\/wp-content\/uploads\/2023\/01\/326823091_756972656006865_3724499245712837646_n-300x225.jpeg 300w, https:\/\/www.4speedypaws.cz\/wp-content\/uploads\/2023\/01\/326823091_756972656006865_3724499245712837646_n-768x577.jpeg 768w, https:\/\/www.4speedypaws.cz\/wp-content\/uploads\/2023\/01\/326823091_756972656006865_3724499245712837646_n-1536x1154.jpeg 1536w, https:\/\/www.4speedypaws.cz\/wp-content\/uploads\/2023\/01\/326823091_756972656006865_3724499245712837646_n.jpeg 2048w\" sizes=\"(max-width: 1024px) 100vw, 1024px\" \/><\/figure>\n<\/div>\n\n\n\n<div class=\"is-layout-flow wp-block-column\">\n<p><strong>4 SPEEDY PAWS<\/strong><\/p>\n\n\n\n<p>Petra Heger<\/p>\n\n\n\n<p>I\u010cO: 17891701<\/p>\n\n\n\n<p>ID datov\u00e9 schr\u00e1nky: b4mktux<\/p>\n\n\n\n<p><strong>info@4speedypaws.cz<\/strong><\/p>\n\n\n\n<ul class=\"is-layout-flex wp-block-social-links\"><li class=\"wp-social-link wp-social-link-tiktok wp-block-social-link\"><a href=\"https:\/\/www.tiktok.com\/@4speedypaws\"  class=\"wp-block-social-link-anchor\"><svg width=\"24\" height=\"24\" viewBox=\"0 0 32 32\" version=\"1.1\" xmlns=\"http:\/\/www.w3.org\/2000\/svg\" aria-hidden=\"true\" focusable=\"false\"><path d=\"M16.708 0.027c1.745-0.027 3.48-0.011 5.213-0.027 0.105 2.041 0.839 4.12 2.333 5.563 1.491 1.479 3.6 2.156 5.652 2.385v5.369c-1.923-0.063-3.855-0.463-5.6-1.291-0.76-0.344-1.468-0.787-2.161-1.24-0.009 3.896 0.016 7.787-0.025 11.667-0.104 1.864-0.719 3.719-1.803 5.255-1.744 2.557-4.771 4.224-7.88 4.276-1.907 0.109-3.812-0.411-5.437-1.369-2.693-1.588-4.588-4.495-4.864-7.615-0.032-0.667-0.043-1.333-0.016-1.984 0.24-2.537 1.495-4.964 3.443-6.615 2.208-1.923 5.301-2.839 8.197-2.297 0.027 1.975-0.052 3.948-0.052 5.923-1.323-0.428-2.869-0.308-4.025 0.495-0.844 0.547-1.485 1.385-1.819 2.333-0.276 0.676-0.197 1.427-0.181 2.145 0.317 2.188 2.421 4.027 4.667 3.828 1.489-0.016 2.916-0.88 3.692-2.145 0.251-0.443 0.532-0.896 0.547-1.417 0.131-2.385 0.079-4.76 0.095-7.145 0.011-5.375-0.016-10.735 0.025-16.093z\" \/><\/svg><span class=\"wp-block-social-link-label screen-reader-text\">TikTok<\/span><\/a><\/li>\n\n<li class=\"wp-social-link wp-social-link-youtube wp-block-social-link\"><a href=\"https:\/\/youtube.com\/@4speedypaws\"  class=\"wp-block-social-link-anchor\"><svg width=\"24\" height=\"24\" viewBox=\"0 0 24 24\" version=\"1.1\" xmlns=\"http:\/\/www.w3.org\/2000\/svg\" aria-hidden=\"true\" focusable=\"false\"><path d=\"M21.8,8.001c0,0-0.195-1.378-0.795-1.985c-0.76-0.797-1.613-0.801-2.004-0.847c-2.799-0.202-6.997-0.202-6.997-0.202 h-0.009c0,0-4.198,0-6.997,0.202C4.608,5.216,3.756,5.22,2.995,6.016C2.395,6.623,2.2,8.001,2.2,8.001S2,9.62,2,11.238v1.517 c0,1.618,0.2,3.237,0.2,3.237s0.195,1.378,0.795,1.985c0.761,0.797,1.76,0.771,2.205,0.855c1.6,0.153,6.8,0.201,6.8,0.201 s4.203-0.006,7.001-0.209c0.391-0.047,1.243-0.051,2.004-0.847c0.6-0.607,0.795-1.985,0.795-1.985s0.2-1.618,0.2-3.237v-1.517 C22,9.62,21.8,8.001,21.8,8.001z M9.935,14.594l-0.001-5.62l5.404,2.82L9.935,14.594z\"><\/path><\/svg><span class=\"wp-block-social-link-label screen-reader-text\">YouTube<\/span><\/a><\/li>\n\n<li class=\"wp-social-link wp-social-link-instagram wp-block-social-link\"><a href=\"https:\/\/www.instagram.com\/4speedypaws_furyandfurious\/\"  class=\"wp-block-social-link-anchor\"><svg width=\"24\" height=\"24\" viewBox=\"0 0 24 24\" version=\"1.1\" xmlns=\"http:\/\/www.w3.org\/2000\/svg\" aria-hidden=\"true\" focusable=\"false\"><path d=\"M12,4.622c2.403,0,2.688,0.009,3.637,0.052c0.877,0.04,1.354,0.187,1.671,0.31c0.42,0.163,0.72,0.358,1.035,0.673 c0.315,0.315,0.51,0.615,0.673,1.035c0.123,0.317,0.27,0.794,0.31,1.671c0.043,0.949,0.052,1.234,0.052,3.637 s-0.009,2.688-0.052,3.637c-0.04,0.877-0.187,1.354-0.31,1.671c-0.163,0.42-0.358,0.72-0.673,1.035 c-0.315,0.315-0.615,0.51-1.035,0.673c-0.317,0.123-0.794,0.27-1.671,0.31c-0.949,0.043-1.233,0.052-3.637,0.052 s-2.688-0.009-3.637-0.052c-0.877-0.04-1.354-0.187-1.671-0.31c-0.42-0.163-0.72-0.358-1.035-0.673 c-0.315-0.315-0.51-0.615-0.673-1.035c-0.123-0.317-0.27-0.794-0.31-1.671C4.631,14.688,4.622,14.403,4.622,12 s0.009-2.688,0.052-3.637c0.04-0.877,0.187-1.354,0.31-1.671c0.163-0.42,0.358-0.72,0.673-1.035 c0.315-0.315,0.615-0.51,1.035-0.673c0.317-0.123,0.794-0.27,1.671-0.31C9.312,4.631,9.597,4.622,12,4.622 M12,3 C9.556,3,9.249,3.01,8.289,3.054C7.331,3.098,6.677,3.25,6.105,3.472C5.513,3.702,5.011,4.01,4.511,4.511 c-0.5,0.5-0.808,1.002-1.038,1.594C3.25,6.677,3.098,7.331,3.054,8.289C3.01,9.249,3,9.556,3,12c0,2.444,0.01,2.751,0.054,3.711 c0.044,0.958,0.196,1.612,0.418,2.185c0.23,0.592,0.538,1.094,1.038,1.594c0.5,0.5,1.002,0.808,1.594,1.038 c0.572,0.222,1.227,0.375,2.185,0.418C9.249,20.99,9.556,21,12,21s2.751-0.01,3.711-0.054c0.958-0.044,1.612-0.196,2.185-0.418 c0.592-0.23,1.094-0.538,1.594-1.038c0.5-0.5,0.808-1.002,1.038-1.594c0.222-0.572,0.375-1.227,0.418-2.185 C20.99,14.751,21,14.444,21,12s-0.01-2.751-0.054-3.711c-0.044-0.958-0.196-1.612-0.418-2.185c-0.23-0.592-0.538-1.094-1.038-1.594 c-0.5-0.5-1.002-0.808-1.594-1.038c-0.572-0.222-1.227-0.375-2.185-0.418C14.751,3.01,14.444,3,12,3L12,3z M12,7.378 c-2.552,0-4.622,2.069-4.622,4.622S9.448,16.622,12,16.622s4.622-2.069,4.622-4.622S14.552,7.378,12,7.378z M12,15 c-1.657,0-3-1.343-3-3s1.343-3,3-3s3,1.343,3,3S13.657,15,12,15z M16.804,6.116c-0.596,0-1.08,0.484-1.08,1.08 s0.484,1.08,1.08,1.08c0.596,0,1.08-0.484,1.08-1.08S17.401,6.116,16.804,6.116z\"><\/path><\/svg><span class=\"wp-block-social-link-label screen-reader-text\">Instagram<\/span><\/a><\/li>\n\n<li class=\"wp-social-link wp-social-link-facebook wp-block-social-link\"><a href=\"https:\/\/www.facebook.com\/4speedypaws\/\"  class=\"wp-block-social-link-anchor\"><svg width=\"24\" height=\"24\" viewBox=\"0 0 24 24\" version=\"1.1\" xmlns=\"http:\/\/www.w3.org\/2000\/svg\" aria-hidden=\"true\" focusable=\"false\"><path d=\"M12 2C6.5 2 2 6.5 2 12c0 5 3.7 9.1 8.4 9.9v-7H7.9V12h2.5V9.8c0-2.5 1.5-3.9 3.8-3.9 1.1 0 2.2.2 2.2.2v2.5h-1.3c-1.2 0-1.6.8-1.6 1.6V12h2.8l-.4 2.9h-2.3v7C18.3 21.1 22 17 22 12c0-5.5-4.5-10-10-10z\"><\/path><\/svg><span class=\"wp-block-social-link-label screen-reader-text\">Facebook<\/span><\/a><\/li><\/ul>\n<\/div>\n<\/div>\n\n\n\n<p><strong>KONTAKTUJTE N\u00c1S<\/strong><\/p>\n\n\n<div class=\"wpforms-container wpforms-container-full\" id=\"wpforms-72\"><form id=\"wpforms-form-72\" class=\"wpforms-validate wpforms-form wpforms-ajax-form\" data-formid=\"72\" method=\"post\" enctype=\"multipart\/form-data\" action=\"\/index.php?rest_route=%2Fwp%2Fv2%2Fpages%2F31\" data-token=\"9fae33337713b28edd604727958da239\"><noscript class=\"wpforms-error-noscript\">Chcete-li vyplnit tento formul\u00e1\u0159, pros\u00edm povolte v prohl\u00ed\u017ee\u010di JavaScript.<\/noscript><div class=\"wpforms-field-container\"><div id=\"wpforms-72-field_0-container\" class=\"wpforms-field wpforms-field-name\" data-field-id=\"0\"><label class=\"wpforms-field-label\" for=\"wpforms-72-field_0\">Jm\u00e9no <span class=\"wpforms-required-label\">*<\/span><\/label><input type=\"text\" id=\"wpforms-72-field_0\" class=\"wpforms-field-medium wpforms-field-required\" name=\"wpforms[fields][0]\" required><\/div><div id=\"wpforms-72-field_1-container\" class=\"wpforms-field wpforms-field-email\" data-field-id=\"1\"><label class=\"wpforms-field-label\" for=\"wpforms-72-field_1\">E-mail <span class=\"wpforms-required-label\">*<\/span><\/label><input type=\"email\" id=\"wpforms-72-field_1\" class=\"wpforms-field-medium wpforms-field-required\" name=\"wpforms[fields][1]\" required><\/div><div id=\"wpforms-72-field_2-container\" class=\"wpforms-field wpforms-field-textarea\" data-field-id=\"2\"><label class=\"wpforms-field-label\" for=\"wpforms-72-field_2\">Koment\u00e1\u0159 nebo zpr\u00e1va<\/label><textarea id=\"wpforms-72-field_2\" class=\"wpforms-field-medium\" name=\"wpforms[fields][2]\" ><\/textarea><\/div><div id=\"wpforms-72-field_3-container\" class=\"wpforms-field wpforms-field-gdpr-checkbox\" data-field-id=\"3\"><label class=\"wpforms-field-label\" for=\"wpforms-72-field_3\">Souhlas se zpracov\u00e1n\u00edm osobn\u00edch \u00fadaj\u016f <span class=\"wpforms-required-label\">*<\/span><\/label><ul id=\"wpforms-72-field_3\" class=\"wpforms-field-required\"><li class=\"choice-1\"><input type=\"checkbox\" id=\"wpforms-72-field_3_1\" name=\"wpforms[fields][3][]\" value=\"Souhlas\u00edm s t\u00edm, aby tento web ukl\u00e1dal a zpracov\u00e1val m\u00e9 odeslan\u00e9 informace v souladu se z\u00e1sadami zpracov\u00e1n\u00ed osobn\u00edch \u00fadaj\u016f webu 4speedypaws.cz.\" required ><label class=\"wpforms-field-label-inline\" for=\"wpforms-72-field_3_1\">Souhlas\u00edm s t\u00edm, aby tento web ukl\u00e1dal a zpracov\u00e1val m\u00e9 odeslan\u00e9 informace v souladu se z\u00e1sadami zpracov\u00e1n\u00ed osobn\u00edch \u00fadaj\u016f webu 4speedypaws.cz.<\/label><\/li><\/ul><\/div><\/div><div class=\"wpforms-recaptcha-container wpforms-is-hcaptcha\"><div class=\"g-recaptcha\" data-sitekey=\"653f6200-3db7-4855-b6bd-b2374b98ea16\"><\/div><input type=\"text\" name=\"g-recaptcha-hidden\" class=\"wpforms-recaptcha-hidden\" style=\"position:absolute!important;clip:rect(0,0,0,0)!important;height:1px!important;width:1px!important;border:0!important;overflow:hidden!important;padding:0!important;margin:0!important;\" required><\/div><div class=\"wpforms-submit-container\"><input type=\"hidden\" name=\"wpforms[id]\" value=\"72\"><input type=\"hidden\" name=\"wpforms[author]\" value=\"1\"><button type=\"submit\" name=\"wpforms[submit]\" id=\"wpforms-submit-72\" class=\"wpforms-submit\" data-alt-text=\"Odes\u00edl\u00e1 se...\" data-submit-text=\"Odeslat\" aria-live=\"assertive\" value=\"wpforms-submit\">Odeslat<\/button><img src=\"https:\/\/www.4speedypaws.cz\/wp-content\/plugins\/wpforms-lite\/assets\/images\/submit-spin.svg\" class=\"wpforms-submit-spinner\" style=\"display: none;\" width=\"26\" height=\"26\" alt=\"Na\u010d\u00edt\u00e1n\u00ed\"><\/div><\/form><\/div>  <!-- .wpforms-container -->\n\n\n<p><\/p>\n\n\n\n<p><\/p>\n\n\n\n<p><\/p>\n\n\n\n<p><\/p>\n\n\n\n<p><\/p>\n\n\n\n<p><strong>MIMOSOUDN\u00cd \u0158E\u0160EN\u00cd SPOT\u0158EBITELSK\u00ddCH SPOR\u016e<\/strong><\/p>\n\n\n\n<p class=\"has-text-align-left\">V p\u0159\u00edpad\u011b sporu, plynouc\u00edho ze smluv uzav\u0159en\u00fdch mezi V\u00e1mi jako\u017eto spot\u0159ebiteli a 4 SPEEDY PAWS, je k jeho mimosoudn\u00edmu \u0159e\u0161en\u00ed v\u011bcn\u011b p\u0159\u00edslu\u0161n\u00fdm subjektem \u010cesk\u00e1 obchodn\u00ed inspekce, \u00dast\u0159edn\u00ed inspektor\u00e1t \u2013 odd\u011blen\u00ed ADR, se s\u00eddlem \u0160t\u011bp\u00e1nsk\u00e1 44, 110 00 Praha 1, e-mail: adr@coi.cz; www.adr.coi.cz; DS: x7cab34.<\/p>\n","protected":false},"excerpt":{"rendered":"<p>4 SPEEDY PAWS Petra Heger I\u010cO: 17891701 ID datov\u00e9 schr\u00e1nky: b4mktux info@4speedypaws.cz KONTAKTUJTE N\u00c1S MIMOSOUDN\u00cd \u0158E\u0160EN\u00cd SPOT\u0158EBITELSK\u00ddCH SPOR\u016e V p\u0159\u00edpad\u011b sporu, plynouc\u00edho ze smluv uzav\u0159en\u00fdch mezi V\u00e1mi jako\u017eto spot\u0159ebiteli a 4 SPEEDY PAWS, je k jeho mimosoudn\u00edmu \u0159e\u0161en\u00ed v\u011bcn\u011b p\u0159\u00edslu\u0161n\u00fdm subjektem \u010cesk\u00e1 obchodn\u00ed inspekce, \u00dast\u0159edn\u00ed inspektor\u00e1t \u2013 odd\u011blen\u00ed ADR, se s\u00eddlem \u0160t\u011bp\u00e1nsk\u00e1 44, 110 00 &hellip;<\/p>\n<p class=\"read-more\"> <a class=\"\" href=\"https:\/\/www.4speedypaws.cz\/?page_id=31\"> <span class=\"screen-reader-text\">KONTAKTY<\/span> Pokra\u010dovat ve \u010dten\u00ed &raquo;<\/a><\/p>\n","protected":false},"author":1,"featured_media":0,"parent":0,"menu_order":0,"comment_status":"closed","ping_status":"closed","template":"","meta":{"_mi_skip_tracking":false,"site-sidebar-layout":"default","site-content-layout":"default","ast-global-header-display":"","ast-main-header-display":"","ast-hfb-above-header-display":"","ast-hfb-below-header-display":"","ast-hfb-mobile-header-display":"","site-post-title":"","ast-breadcrumbs-content":"","ast-featured-img":"","footer-sml-layout":"","theme-transparent-header-meta":"","adv-header-id-meta":"","stick-header-meta":"","header-above-stick-meta":"","header-main-stick-meta":"","header-below-stick-meta":""},"yoast_head":"<!-- This site is optimized with the Yoast SEO plugin v20.1 - https:\/\/yoast.com\/wordpress\/plugins\/seo\/ -->\n<title>KONTAKTY - 4 SPEEDY PAWS<\/title>\n<meta name=\"robots\" content=\"index, follow, max-snippet:-1, max-image-preview:large, max-video-preview:-1\" \/>\n<link rel=\"canonical\" href=\"https:\/\/www.4speedypaws.cz\/?page_id=31\" \/>\n<meta property=\"og:locale\" content=\"cs_CZ\" \/>\n<meta property=\"og:type\" content=\"article\" \/>\n<meta property=\"og:title\" content=\"KONTAKTY - 4 SPEEDY PAWS\" \/>\n<meta property=\"og:description\" content=\"4 SPEEDY PAWS Petra Heger I\u010cO: 17891701 ID datov\u00e9 schr\u00e1nky: b4mktux info@4speedypaws.cz KONTAKTUJTE N\u00c1S MIMOSOUDN\u00cd \u0158E\u0160EN\u00cd SPOT\u0158EBITELSK\u00ddCH SPOR\u016e V p\u0159\u00edpad\u011b sporu, plynouc\u00edho ze smluv uzav\u0159en\u00fdch mezi V\u00e1mi jako\u017eto spot\u0159ebiteli a 4 SPEEDY PAWS, je k jeho mimosoudn\u00edmu \u0159e\u0161en\u00ed v\u011bcn\u011b p\u0159\u00edslu\u0161n\u00fdm subjektem \u010cesk\u00e1 obchodn\u00ed inspekce, \u00dast\u0159edn\u00ed inspektor\u00e1t \u2013 odd\u011blen\u00ed ADR, se s\u00eddlem \u0160t\u011bp\u00e1nsk\u00e1 44, 110 00 &hellip; KONTAKTY Pokra\u010dovat ve \u010dten\u00ed &raquo;\" \/>\n<meta property=\"og:url\" content=\"https:\/\/www.4speedypaws.cz\/?page_id=31\" \/>\n<meta property=\"og:site_name\" content=\"4 SPEEDY PAWS\" \/>\n<meta property=\"article:modified_time\" content=\"2023-02-24T18:24:21+00:00\" \/>\n<meta property=\"og:image\" content=\"https:\/\/www.4speedypaws.cz\/wp-content\/uploads\/2023\/01\/326823091_756972656006865_3724499245712837646_n-1024x770.jpeg\" \/>\n<meta name=\"twitter:card\" content=\"summary_large_image\" \/>\n<meta name=\"twitter:label1\" content=\"Odhadovan\u00e1 doba \u010dten\u00ed\" \/>\n\t<meta name=\"twitter:data1\" content=\"1 minuta\" \/>\n<script type=\"application\/ld+json\" class=\"yoast-schema-graph\">{\"@context\":\"https:\/\/schema.org\",\"@graph\":[{\"@type\":\"WebPage\",\"@id\":\"https:\/\/www.4speedypaws.cz\/?page_id=31\",\"url\":\"https:\/\/www.4speedypaws.cz\/?page_id=31\",\"name\":\"KONTAKTY - 4 SPEEDY PAWS\",\"isPartOf\":{\"@id\":\"https:\/\/www.4speedypaws.cz\/#website\"},\"datePublished\":\"2023-01-23T18:34:13+00:00\",\"dateModified\":\"2023-02-24T18:24:21+00:00\",\"breadcrumb\":{\"@id\":\"https:\/\/www.4speedypaws.cz\/?page_id=31#breadcrumb\"},\"inLanguage\":\"cs\",\"potentialAction\":[{\"@type\":\"ReadAction\",\"target\":[\"https:\/\/www.4speedypaws.cz\/?page_id=31\"]}]},{\"@type\":\"BreadcrumbList\",\"@id\":\"https:\/\/www.4speedypaws.cz\/?page_id=31#breadcrumb\",\"itemListElement\":[{\"@type\":\"ListItem\",\"position\":1,\"name\":\"Home\",\"item\":\"https:\/\/www.4speedypaws.cz\/\"},{\"@type\":\"ListItem\",\"position\":2,\"name\":\"KONTAKTY\"}]},{\"@type\":\"WebSite\",\"@id\":\"https:\/\/www.4speedypaws.cz\/#website\",\"url\":\"https:\/\/www.4speedypaws.cz\/\",\"name\":\"4 SPEEDY PAWS\",\"description\":\"\",\"publisher\":{\"@id\":\"https:\/\/www.4speedypaws.cz\/#organization\"},\"potentialAction\":[{\"@type\":\"SearchAction\",\"target\":{\"@type\":\"EntryPoint\",\"urlTemplate\":\"https:\/\/www.4speedypaws.cz\/?s={search_term_string}\"},\"query-input\":\"required name=search_term_string\"}],\"inLanguage\":\"cs\"},{\"@type\":\"Organization\",\"@id\":\"https:\/\/www.4speedypaws.cz\/#organization\",\"name\":\"4 SPEEDY PAWS\",\"url\":\"https:\/\/www.4speedypaws.cz\/\",\"logo\":{\"@type\":\"ImageObject\",\"inLanguage\":\"cs\",\"@id\":\"https:\/\/www.4speedypaws.cz\/#\/schema\/logo\/image\/\",\"url\":\"https:\/\/www.4speedypaws.cz\/wp-content\/uploads\/2023\/01\/LOGOwhite.png\",\"contentUrl\":\"https:\/\/www.4speedypaws.cz\/wp-content\/uploads\/2023\/01\/LOGOwhite.png\",\"width\":5451,\"height\":509,\"caption\":\"4 SPEEDY PAWS\"},\"image\":{\"@id\":\"https:\/\/www.4speedypaws.cz\/#\/schema\/logo\/image\/\"}}]}<\/script>\n<!-- \/ Yoast SEO plugin. -->","yoast_head_json":{"title":"KONTAKTY - 4 SPEEDY PAWS","robots":{"index":"index","follow":"follow","max-snippet":"max-snippet:-1","max-image-preview":"max-image-preview:large","max-video-preview":"max-video-preview:-1"},"canonical":"https:\/\/www.4speedypaws.cz\/?page_id=31","og_locale":"cs_CZ","og_type":"article","og_title":"KONTAKTY - 4 SPEEDY PAWS","og_description":"4 SPEEDY PAWS Petra Heger I\u010cO: 17891701 ID datov\u00e9 schr\u00e1nky: b4mktux info@4speedypaws.cz KONTAKTUJTE N\u00c1S MIMOSOUDN\u00cd \u0158E\u0160EN\u00cd SPOT\u0158EBITELSK\u00ddCH SPOR\u016e V p\u0159\u00edpad\u011b sporu, plynouc\u00edho ze smluv uzav\u0159en\u00fdch mezi V\u00e1mi jako\u017eto spot\u0159ebiteli a 4 SPEEDY PAWS, je k jeho mimosoudn\u00edmu \u0159e\u0161en\u00ed v\u011bcn\u011b p\u0159\u00edslu\u0161n\u00fdm subjektem \u010cesk\u00e1 obchodn\u00ed inspekce, \u00dast\u0159edn\u00ed inspektor\u00e1t \u2013 odd\u011blen\u00ed ADR, se s\u00eddlem \u0160t\u011bp\u00e1nsk\u00e1 44, 110 00 &hellip; KONTAKTY Pokra\u010dovat ve \u010dten\u00ed &raquo;","og_url":"https:\/\/www.4speedypaws.cz\/?page_id=31","og_site_name":"4 SPEEDY PAWS","article_modified_time":"2023-02-24T18:24:21+00:00","og_image":[{"url":"https:\/\/www.4speedypaws.cz\/wp-content\/uploads\/2023\/01\/326823091_756972656006865_3724499245712837646_n-1024x770.jpeg"}],"twitter_card":"summary_large_image","twitter_misc":{"Odhadovan\u00e1 doba \u010dten\u00ed":"1 minuta"},"schema":{"@context":"https:\/\/schema.org","@graph":[{"@type":"WebPage","@id":"https:\/\/www.4speedypaws.cz\/?page_id=31","url":"https:\/\/www.4speedypaws.cz\/?page_id=31","name":"KONTAKTY - 4 SPEEDY PAWS","isPartOf":{"@id":"https:\/\/www.4speedypaws.cz\/#website"},"datePublished":"2023-01-23T18:34:13+00:00","dateModified":"2023-02-24T18:24:21+00:00","breadcrumb":{"@id":"https:\/\/www.4speedypaws.cz\/?page_id=31#breadcrumb"},"inLanguage":"cs","potentialAction":[{"@type":"ReadAction","target":["https:\/\/www.4speedypaws.cz\/?page_id=31"]}]},{"@type":"BreadcrumbList","@id":"https:\/\/www.4speedypaws.cz\/?page_id=31#breadcrumb","itemListElement":[{"@type":"ListItem","position":1,"name":"Home","item":"https:\/\/www.4speedypaws.cz\/"},{"@type":"ListItem","position":2,"name":"KONTAKTY"}]},{"@type":"WebSite","@id":"https:\/\/www.4speedypaws.cz\/#website","url":"https:\/\/www.4speedypaws.cz\/","name":"4 SPEEDY PAWS","description":"","publisher":{"@id":"https:\/\/www.4speedypaws.cz\/#organization"},"potentialAction":[{"@type":"SearchAction","target":{"@type":"EntryPoint","urlTemplate":"https:\/\/www.4speedypaws.cz\/?s={search_term_string}"},"query-input":"required name=search_term_string"}],"inLanguage":"cs"},{"@type":"Organization","@id":"https:\/\/www.4speedypaws.cz\/#organization","name":"4 SPEEDY PAWS","url":"https:\/\/www.4speedypaws.cz\/","logo":{"@type":"ImageObject","inLanguage":"cs","@id":"https:\/\/www.4speedypaws.cz\/#\/schema\/logo\/image\/","url":"https:\/\/www.4speedypaws.cz\/wp-content\/uploads\/2023\/01\/LOGOwhite.png","contentUrl":"https:\/\/www.4speedypaws.cz\/wp-content\/uploads\/2023\/01\/LOGOwhite.png","width":5451,"height":509,"caption":"4 SPEEDY PAWS"},"image":{"@id":"https:\/\/www.4speedypaws.cz\/#\/schema\/logo\/image\/"}}]}},"_links":{"self":[{"href":"https:\/\/www.4speedypaws.cz\/index.php?rest_route=\/wp\/v2\/pages\/31"}],"collection":[{"href":"https:\/\/www.4speedypaws.cz\/index.php?rest_route=\/wp\/v2\/pages"}],"about":[{"href":"https:\/\/www.4speedypaws.cz\/index.php?rest_route=\/wp\/v2\/types\/page"}],"author":[{"embeddable":true,"href":"https:\/\/www.4speedypaws.cz\/index.php?rest_route=\/wp\/v2\/users\/1"}],"replies":[{"embeddable":true,"href":"https:\/\/www.4speedypaws.cz\/index.php?rest_route=%2Fwp%2Fv2%2Fcomments&post=31"}],"version-history":[{"count":6,"href":"https:\/\/www.4speedypaws.cz\/index.php?rest_route=\/wp\/v2\/pages\/31\/revisions"}],"predecessor-version":[{"id":296,"href":"https:\/\/www.4speedypaws.cz\/index.php?rest_route=\/wp\/v2\/pages\/31\/revisions\/296"}],"wp:attachment":[{"href":"https:\/\/www.4speedypaws.cz\/index.php?rest_route=%2Fwp%2Fv2%2Fmedia&parent=31"}],"curies":[{"name":"wp","href":"https:\/\/api.w.org\/{rel}","templated":true}]}}